{"id":591,"date":"2014-02-21T23:48:33","date_gmt":"2014-02-21T23:48:33","guid":{"rendered":"http:\/\/nickandjune.com\/?page_id=591"},"modified":"2025-09-18T12:54:03","modified_gmt":"2025-09-18T12:54:03","slug":"presse","status":"publish","type":"page","link":"https:\/\/nickandjune.com\/de\/band\/presse\/","title":{"rendered":"Presse"},"content":{"rendered":"<h6 style=\"text-align: left;\"><span style=\"color: #ffcc99;\">&#8222;Eine Perle (&#8230;) ganz zarter, wundersch\u00f6ner Indie-Pop. Mazzy Star trifft auf Lana Del Rey, das ist allerbester Dream-Pop&#8220; <span style=\"font-size: 8pt;\"><strong>(SWR)<\/strong><\/span><\/span><\/h6>\n<h6 style=\"text-align: left;\">&#8222;Diese Music schmerz auf genau die richtige Weise: poetisch, ungefiltert und von Anfang bis Ende von unersch\u00fctterlicher Anmut getragen (&#8230;) F\u00fcr Fans von Death Cab for Cutie, The xx, Bon Iver, Sufjan Stevens, Angelo De Augustine.&#8220; <span style=\"font-size: 8pt;\"><strong>(Atwood Magazine)<\/strong><\/span><\/h6>\n<h6 style=\"text-align: left;\"><span style=\"color: #ffcc99;\">&#8222;Nick &amp; June sind gewiss ein Name, der schon bald zu dieser Liste hinzugef\u00fcgt werden wird &#8211; mit ihren feinsinnigen Betrachtungen \u00fcber Leben, Liebe und Kunst. Beach Baby, Baby ist eine atemberaubende Verk\u00f6rperung all dieser Empfindungen: ein intimer Blick in ihre einzigartige musikalische Welt, betrachtet durch eine sepiafarbene Linse&#8220; <\/span><span style=\"font-size: 8pt;\"><strong><span style=\"color: #ffcc99;\">(Music Existence)<\/span><\/strong><\/span><\/h6>\n<h6 style=\"text-align: left;\">\u201eEindringlich und d\u00fcster (\u2026) ein wundersch\u00f6nes Album, das es verdient hat, dass wir uns Zeit nehmen und eintauchen in diesen Melancholiekosmos des November Boys\u201c <span style=\"font-size: 8pt;\"><strong>(Bayern 2)<\/strong><\/span><\/h6>\n<h6 style=\"text-align: left;\"><span style=\"color: #ffcc99;\">\u201eGro\u00dfartige Songs\u201c <span style=\"font-size: 8pt;\"><strong>(MDR Kultur)<\/strong><\/span><\/span><\/h6>\n<h6 style=\"text-align: left;\">\u201eEs sind spannende, r\u00e4tselhafte Welten, die in den Songs entstehen, in sehr eigenen Arrangements. Alles an diesem Album ist besonders\u201c <span style=\"font-size: 8pt;\"><strong>(Dresdner Morgenpost)<\/strong><\/span><\/h6>\n<h6 style=\"text-align: left;\"><span style=\"color: #ffcc99;\">\u201eEine solche einzigartige Melancholie und Emotion, wie wir sie nur selten erleben d\u00fcrfen\u2026 G\u00e4nsehaut pur!\u201c <span style=\"font-size: 8pt;\"><strong>(Orkus \/ Album der Woche)<\/strong><\/span><\/span><\/h6>\n<h6 style=\"text-align: left;\">\u201eNoch eigenst\u00e4ndiger, noch besonderer (\u2026) S\u00e4tze f\u00fcr die Ewigkeit (\u2026) ein gro\u00dfer Wurf\u201c <span style=\"font-size: 8pt;\"><strong>(Blueprint Fanzine \/ Rating 9\/10)<\/strong><\/span><\/h6>\n<h6 style=\"text-align: left;\"><span style=\"color: #ffcc99;\">&#8222;M\u00fcsste man ihr Album mit nur einem Wort umschreiben &#8211; &#8222;zauberhaft&#8220; w\u00e4re keine schlechte Wahl&#8220; <span style=\"font-size: 8pt;\"><strong>(Akustik Gitarre)<\/strong><\/span><\/span><\/h6>\n<h6 style=\"text-align: left;\">&#8222;Bitters\u00fc\u00dfe Symphonien (&#8230;) zart und poetisch&#8220; <span style=\"font-size: 8pt;\"><strong>(Die Welt)<\/strong><\/span><\/h6>\n<h6 style=\"text-align: left;\"><span style=\"color: #ffcc99;\">\u201eDeutschlands spannendste(s) und talentierteste(s) Pop-Duo (\u2026) ein erneut gro\u00dfartiges Folkpop- bzw. Darkpop-Album\u201c <span style=\"font-size: 8pt;\"><strong>(.RCN Magazin \/ Rating 9\/9)<\/strong><\/span><\/span><\/h6>\n<h6 style=\"text-align: left;\"><span style=\"font-size: 8pt;\"><strong><br \/>\n<\/strong><\/span>\u201eVertr\u00e4umt, euphorisch, niedlich, w\u00fctend: \u201aMy November My\u2018 wirft alles auf einen Haufen, pickt sich nacheinander einen Gem\u00fctszustand raus \u2013 und trifft stets genau das Passende\u201c <span style=\"font-size: 8pt;\"><strong>(Plattentests \/ Rating 7\/10)<\/strong><\/span><\/h6>\n<h6 style=\"text-align: left;\"><span style=\"font-size: 8pt;\"><strong><br \/>\n<\/strong><\/span><span style=\"color: #ffcc99;\">\u201eHerbstlich-schwere Rockoper (\u2026) ein gro\u00dfes, ausgefuchst arrangiertes Instrumentarium\u201c <span style=\"font-size: 8pt;\"><strong>(Intro)<\/strong><\/span><\/span><\/h6>\n<h6 style=\"text-align: left;\">\u201eZart, vertr\u00e4umt, poetisch (\u2026) Fast schon ein H\u00f6rbuch\u201c <span style=\"font-size: 8pt;\"><strong>(OK! Magazin)<\/strong><\/span><\/h6>\n<h6 style=\"text-align: left;\"><span style=\"color: #ffcc99;\">\u201e(&#8230;) bezaubert mit wundersch\u00f6n fragilen, melancholischen Balladen. Zucker!\u201d <span style=\"font-size: 8pt;\"><strong>(Maxi)<\/strong><\/span><\/span><\/h6>\n<h6 style=\"text-align: left;\">\u201eSph\u00e4rische Indiepop-Perlen\u201c <span style=\"font-size: 8pt;\"><strong>(Neue Presse Hannover)<\/strong><\/span><\/h6>\n<h6 style=\"text-align: left;\"><span style=\"color: #ffcc99;\">\u201eWer den irischen Musikpoeten Damien Rice mag, kommt an Nick &amp; June nicht vorbei (\u2026) dem Zuh\u00f6rer (bleibt) gar keine andere Wahl, als sich emotional mitrei\u00dfen zu lassen\u201c <span style=\"font-size: 8pt;\"><strong>(Neue Westf\u00e4lische)<\/strong><\/span><\/span><\/h6>\n<h6 style=\"text-align: left;\"><span style=\"font-size: 8pt;\"><strong><br \/>\n<\/strong><\/span>\u201eEinsam-fragil und doch auch episch-vielschichtig zugleich (&#8230;) selten war Weltschmerz sch\u00f6ner!\u201c <span style=\"font-size: 8pt;\"><strong>(Hifi-Stars)<\/strong><\/span><\/h6>\n<h6 style=\"text-align: left;\"><span style=\"color: #ffcc99;\">\u201eWundervolle Platte\u201c <span style=\"font-size: 8pt;\"><strong>(Luserlounge)<\/strong><\/span><\/span><\/h6>\n<h6 style=\"text-align: left;\">\u201eWundersch\u00f6ne akustische Indie-Songs (\u2026) entf\u00fchren in eine melancholische Traumwelt\u201c <span style=\"font-size: 8pt;\"><strong>(bayreuth4U \/ Rating 4\/5)<\/strong><\/span><\/h6>\n<h6 style=\"text-align: left;\"><span style=\"font-size: 8pt;\"><strong><br \/>\n<\/strong><\/span><span style=\"color: #ffcc99;\">\u201eVon einer Sch\u00f6nheit und Grazilit\u00e4t, wie man es selten in der hiesigen Musiklandschaft findet (\u2026) Ein wundersch\u00f6nes Zweitwerk\u201c <span style=\"font-size: 8pt;\"><strong>(Echte Leute)<\/strong><\/span><\/span><\/h6>\n<h6 style=\"text-align: left;\"><span style=\"font-size: 8pt;\"><strong><br \/>\n<\/strong><\/span>\u201eDie Parallelen reichen von Conor Oberst, \u00fcber The National bis hin zu Azure Ray (\u2026) einfach nur sch\u00f6n\u201c <span style=\"font-size: 8pt;\"><strong>(Waste Of Mind)<\/strong><\/span><\/h6>\n<h6 style=\"text-align: left;\"><span style=\"font-size: 8pt;\"><strong><br \/>\n<\/strong><\/span><span style=\"color: #ffcc99;\">\u201eDie nahezu perfekte Mischung aus Pop, Indie, Melancholie, Begeisterung, H\u00f6henflug und tiefem Fall (&#8230;) dieses filigrane Kunstwerk macht einfach gl\u00fccklich\u201c <span style=\"font-size: 8pt;\"><strong> (Alternativemusik)<\/strong><\/span><\/span><\/h6>\n<h6 style=\"text-align: left;\">\u201eStilistisch geht es bei Nick &amp; June in die Richtung von Bon Iver, Damien Rice, Glen Hansard oder auch Angus &amp; Julia Stone (&#8230;) Nick &amp; June za\u0308hlen mit zum Besten, was man zuletzt aus dieser Ecke geh\u00f6rt hat!\u201c <span style=\"font-size: 8pt;\"><strong>(N\u00fcrnberger Nachrichten)<\/strong><\/span><\/h6>\n","protected":false},"excerpt":{"rendered":"<p>&#8222;Eine Perle (&#8230;) ganz zarter, wundersch\u00f6ner Indie-Pop. Mazzy Star trifft auf Lana Del Rey, das ist allerbester Dream-Pop&#8220; (SWR) &#8222;Diese Music schmerz auf genau die richtige Weise: poetisch, ungefiltert und von Anfang bis Ende von unersch\u00fctterlicher Anmut getragen (&#8230;) F\u00fcr Fans von Death Cab for Cutie, The xx, Bon Iver, Sufjan Stevens, Angelo De Augustine.&#8220; [&hellip;]<\/p>\n","protected":false},"author":1,"featured_media":0,"parent":42,"menu_order":520,"comment_status":"closed","ping_status":"closed","template":"","meta":{"footnotes":""},"class_list":["post-591","page","type-page","status-publish","hentry"],"aioseo_notices":[],"_links":{"self":[{"href":"https:\/\/nickandjune.com\/de\/wp-json\/wp\/v2\/pages\/591","targetHints":{"allow":["GET"]}}],"collection":[{"href":"https:\/\/nickandjune.com\/de\/wp-json\/wp\/v2\/pages"}],"about":[{"href":"https:\/\/nickandjune.com\/de\/wp-json\/wp\/v2\/types\/page"}],"author":[{"embeddable":true,"href":"https:\/\/nickandjune.com\/de\/wp-json\/wp\/v2\/users\/1"}],"replies":[{"embeddable":true,"href":"https:\/\/nickandjune.com\/de\/wp-json\/wp\/v2\/comments?post=591"}],"version-history":[{"count":52,"href":"https:\/\/nickandjune.com\/de\/wp-json\/wp\/v2\/pages\/591\/revisions"}],"predecessor-version":[{"id":4990,"href":"https:\/\/nickandjune.com\/de\/wp-json\/wp\/v2\/pages\/591\/revisions\/4990"}],"up":[{"embeddable":true,"href":"https:\/\/nickandjune.com\/de\/wp-json\/wp\/v2\/pages\/42"}],"wp:attachment":[{"href":"https:\/\/nickandjune.com\/de\/wp-json\/wp\/v2\/media?parent=591"}],"curies":[{"name":"wp","href":"https:\/\/api.w.org\/{rel}","templated":true}]}}