{"id":45,"date":"2013-03-25T17:55:00","date_gmt":"2013-03-25T17:55:00","guid":{"rendered":"http:\/\/nickandjune.com\/wordpress\/?page_id=45"},"modified":"2025-09-23T09:44:52","modified_gmt":"2025-09-23T09:44:52","slug":"vergangenheit","status":"publish","type":"page","link":"https:\/\/nickandjune.com\/de\/live\/vergangenheit\/","title":{"rendered":"Vergangenheit"},"content":{"rendered":"<h2><span style=\"font-size: 14pt;\"><strong>2025<\/strong><\/span><\/h2>\n<p>10.07.2025 \u2013 D \u2013 Hamburg \u2013 Knust<br \/>\n27.06.2025 \u2013 D \u2013 Zwickau \u2013 Alter Gasometer<br \/>\n11.05.2025 \u2013 D \u2013 Offenbach \u2013 Hafen2<br \/>\n10.05.2025 \u2013 D \u2013 G\u00f6ttingen \u2013 N\u00f6rgelbuff<br \/>\n09.05.2025 \u2013 D \u2013 Jever \u2013 LOK Kulturzentrum<br \/>\n08.05.2025 \u2013 D \u2013 Oldenburg \u2013 umBAUbar<br \/>\n06.05.2025 \u2013 D \u2013 Hannover \u2013 Caf\u00e9 Glocksee<br \/>\n05.05.2025 \u2013 D \u2013 Regensburg \u2013 Heimat<br \/>\n02.05.2025 \u2013 D \u2013 M\u00fcnchen \u2013 Milla <span style=\"font-size: 10pt;\">(ausverkauft)<\/span><br \/>\n12.04.2025 \u2013 D \u2013 Kassel \u2013 Kulturfabrik Salzmann<br \/>\n11.04.2025 \u2013 D \u2013 Moers \u2013 Bollwerk 107<br \/>\n10.04.2025 \u2013 D \u2013 Karlsruhe \u2013 Kohi<br \/>\n05.04.2025 \u2013 D \u2013 Ueckerm\u00fcnde \u2013 Speicher<br \/>\n04.04.2025 \u2013 D \u2013 Schwerin \u2013 Werk3 <span style=\"font-size: 10pt;\">(ausverkauft)<\/span><br \/>\n03.04.2025 \u2013 D \u2013 Bielefeld \u2013 Bunker Ulmenwall <span style=\"font-size: 10pt;\">(ausverkauft)<\/span><br \/>\n02.04.2025 \u2013 D \u2013 Mainz \u2013 Schon Sch\u00f6n<br \/>\n31.03.2025 \u2013 D \u2013 Aachen \u2013 Domkeller<br \/>\n29.03.2025 \u2013 D \u2013 Berlin \u2013 Insel Berlin <span style=\"font-size: 10pt;\">(ausverkauft)<\/span><br \/>\n28.03.2025 \u2013 D \u2013 Magdeburg \u2013 Volksbad Buckau <span style=\"font-size: 10pt;\">(ausverkauft)<\/span><br \/>\n27.03.2025 \u2013 D \u2013 Halle \u2013 Objekt 5 <span style=\"font-size: 10pt;\">(ausverkauft)<\/span><br \/>\n26.03.2025 \u2013 D \u2013 Dessau \u2013 Altes Theater <span style=\"font-size: 10pt;\">(ausverkauft)<\/span><br \/>\n15.03.2025 \u2013 D \u2013 Plauen \u2013 Malzhaus<br \/>\n13.03.2025 \u2013 D \u2013 Erlangen \u2013 E-Werk<\/p>\n<h2>2024<\/h2>\n<p>21.09.2024 \u2013 D \u2013 St. Peter Ording \u2013 Beach Motel<br \/>\n20.09.2024 \u2013 D \u2013 Osnabr\u00fcck \u2013 Lagerhalle<br \/>\n01.08.2024 \u2013 D \u2013 Parderborn \u2013 Libori Festival<br \/>\n28.07.2024 \u2013 D \u2013 Kircheim \u2013 Landesgartenschau<br \/>\n03.05.2024 \u2013 D \u2013 N\u00fcrnberg \u2013 Z-Bau<br \/>\n27.04.2024 \u2013 D \u2013 \u00dcbersee \u2013 Freiraum<br \/>\n25.03.2024 \u2013 D \u2013 Wiesbaden \u2013 Weinl\u00e4nder<br \/>\n22.03.2024 \u2013 D \u2013 N\u00fcrtingen \u2013 Kulturkantine<br \/>\n15.03.2024 \u2013 D \u2013 Kassel \u2013 Kulturfabrik Salzmann<br \/>\n24.02.2024 \u2013 D \u2013 Oelsnitz \u2013 Katharinenkirche<\/p>\n<h2>2023<\/h2>\n<p><span class=\" _50f7\"><span class=\"_50f7\">07.12.2023 \u2013 D \u2013 Weiden \u2013 Ring Kino<br \/>\n26.11.2023 \u2013 D \u2013 G\u00f6ttingen \u2013 N\u00f6rgelbuff<br \/>\n25.11.2023 \u2013 D \u2013 Bielefeld \u2013 Bunker Ulmenwall<br \/>\n24.11.2023 \u2013 D \u2013 Sch\u00f6neiche \u2013 Kulturgie\u00dferei<br \/>\n23.11.2023 \u2013 D \u2013 Halle \u2013 Objekt 5<br \/>\n22.07.2023 \u2013 D \u2013 N\u00fcrnberg \u2013 Bardentreffen<br \/>\n09.03.2023 \u2013 D \u2013 Hamburg \u2013 <span class=\"x193iq5w xeuugli x13faqbe x1vvkbs x1xmvt09 x1lliihq x1s928wv xhkezso x1gmr53x x1cpjm7i x1fgarty x1943h6x xudqn12 x3x7a5m x1lkfr7t x1lbecb7 xo1l8bm xi81zsa x1yc453h\" dir=\"auto\"><span class=\"x1lliihq x6ikm8r x10wlt62 x1n2onr6 xlyipyv xuxw1ft x1j85h84\">Hebeb\u00fchne<br \/>\n31.03.2023 \u2013 D \u2013 Hamburg \u2013 Schuppen 52 &#8211; Royal Visit<br \/>\n<\/span><\/span><\/span><\/span><\/p>\n<h2>2022<\/h2>\n<p><span class=\" _50f7\"><span class=\"_50f7\">08.12.2022 \u2013 D \u2013 Bayreuth \u2013 <span class=\"x193iq5w xeuugli x13faqbe x1vvkbs x1xmvt09 x1lliihq x1s928wv xhkezso x1gmr53x x1cpjm7i x1fgarty x1943h6x xudqn12 x3x7a5m x1lkfr7t x1lbecb7 xo1l8bm xi81zsa x1yc453h\" dir=\"auto\"><span class=\"x1lliihq x6ikm8r x10wlt62 x1n2onr6 xlyipyv xuxw1ft x1j85h84\">Kunst- und Kulturhaus Neuneinhalb<\/span><\/span><br \/>\n19.11.2022 \u2013 D \u2013 M\u00fcnchen \u2013 Orangehouse <span style=\"font-size: 8pt;\">S<span class=\"x193iq5w xeuugli x13faqbe x1vvkbs x1xmvt09 x1lliihq x1s928wv xhkezso x1gmr53x x1cpjm7i x1fgarty x1943h6x xudqn12 x3x7a5m x1lkfr7t x1lbecb7 xo1l8bm xi81zsa x1yc453h\" dir=\"auto\"><span class=\"x1lliihq x6ikm8r x10wlt62 x1n2onr6 xlyipyv xuxw1ft x1j85h84\">upport f\u00fcr Camel Power Club<\/span><\/span><\/span><br \/>\n16.11.2022 \u2013 D \u2013 Berlin \u2013 Badehaus <span style=\"font-size: 8pt;\">Support f\u00fcr Camel Power Club<\/span><br \/>\n15.11.2022 \u2013 D \u2013 Hamburg \u2013 Turmzimmer <span style=\"font-size: 8pt;\">Support f\u00fcr Camel Power Club<\/span><br \/>\n14.11.2022 \u2013 D \u2013 K\u00f6ln \u2013 Jaki <span style=\"font-size: 8pt;\">Support f\u00fcr Camel Power Club<\/span><br \/>\n12.11.2022 \u2013 D \u2013 G\u00f6rlitz \u2013 K\u00fchlhaus<br \/>\n<\/span><\/span><span class=\" _50f7\"><span class=\"_50f7\">17.09.2022 \u2013 D \u2013 Bremerhaven \u2013 Pferdestall<br \/>\n16.09.2022 \u2013 D \u2013 Asendorf \u2013 Kulturhaus Break Out<br \/>\n09.09.2022 \u2013 D \u2013 Potsdam \u2013 Waschhaus<br \/>\n27.08.2022 \u2013 D \u2013 Husum \u2013 Speicher<br \/>\n17.06.2022 \u2013 D \u2013 Schaephuysen \u2013 Heimspiel<br \/>\n15.06.2022 \u2013 D \u2013 Stuttgart \u2013 Caf\u00e9 Galao<br \/>\n10.06.2022 \u2013 D \u2013 Rothenburg o.d. Tauber \u2013 Tauberleuchten<br \/>\n03.06.2022 \u2013 D \u2013 Ingolstadt \u2013 Neue Welt<br \/>\n03.05.2022 \u2013 D \u2013 Bremen \u2013 Pusdorf Studios<br \/>\n30.04.2022 \u2013 D \u2013 Ueckerm\u00fcnde \u2013 KULTurSPEICHER<br \/>\n29.04.2022 \u2013 D \u2013 Sch\u00f6neiche \u2013 Kulturgie\u00dferei<br \/>\n28.04.2022 \u2013 D \u2013 Berlin \u2013 Badehaus<br \/>\n21.04.2022 \u2013 D \u2013 Soest \u2013 Alter Schlachthof<br \/>\n01.04.2022 \u2013 D \u2013 Werne \u2013 Club Montreux im Fl\u00f6z K<br \/>\n01.02.2022 \u2013 D \u2013 Dresden \u2013 Societ\u00e4tstheater<\/span><br \/>\n<\/span><\/p>\n<h2>2021<\/h2>\n<p><span class=\" _50f7\"><span class=\"_50f7\">05.12.2021 \u2013 D \u2013 Bayreuth \u2013 DAS ZENTRUM<br \/>\n24.11.2021 \u2013 D \u2013 Freiberg \u2013 Alte Mensa<br \/>\n23.11.2021 \u2013 D \u2013 Jena \u2013 Caf\u00e9 Wagner<br \/>\n23.10.2021 \u2013 D \u2013 M\u00fcnchen \u2013 Milla<br \/>\n22.10.2021 \u2013 D \u2013 Bad M\u00fcnstereifel \u2013 Buchcaf\u00e9<br \/>\n21.10.2021 \u2013 D \u2013 Kulmbach \u2013 Office Concerts<br \/>\n19.10.2021 \u2013 D \u2013 Leipzig \u2013 Moritzbastei<br \/>\n02.10.2021 \u2013 D \u2013 Singwitz \u2013 Kesselhaus<br \/>\n12.09.2021 \u2013 D \u2013 Lichtentanne \u2013 Kulturzentrum St. Barbara<br \/>\n18.07.2021 \u2013 D \u2013 Montabaur \u2013 Wohnzimmerkonzert<br \/>\n16.07.2021 \u2013 D \u2013 Oberhausen \u2013 Druckluft<br \/>\n02.07.2021 \u2013 D \u2013 Ingolstadt \u2013 LGS21<br \/>\n20.06.2021 \u2013 D \u2013 Erlangen \u2013 E-Werk<br \/>\n<\/span><\/span><span class=\" _50f7\"><span class=\"_50f7\">18.06.2021 \u2013 D \u2013 Gera \u2013 Kaiserwerke<br \/>\n17.06.2021 \u2013 D \u2013 Wetzlar \u2013 Franzis<\/span><\/span><br \/>\n11.06.2021 \u2013 D \u2013 N\u00fcrnberg \u2013 LUX<br \/>\n05.06.2021 \u2013 D \u2013 Biberach \u2013 Abdera<br \/>\n04.06.2021 \u2013 D \u2013 \u00dcbersee \u2013 Freiraum<\/p>\n<h2>2020<\/h2>\n<p>17.10.2020 \u2013 D \u2013 Bayreuth \u2013 DAS ZENTURM \u2013 28. Bayreuther Kneipenfestival<br \/>\n07.10.2020 \u2013 D \u2013 N\u00fcrnberg \u2013 MUZclub<br \/>\n04.10.2020\u00a0\u2013 D \u2013 Offenbach \u2013 Hafen2<br \/>\n12.09.2020 \u2013 D \u2013 N\u00fcrnberg \u2013 Z-Bau \u2013 Festival! Rot Weiss<br \/>\n23.08.2020 \u2013 D \u2013 Bayreuth \u2013 Kraut &amp; R\u00fcben Open Air<br \/>\n08.08.2020\u00a0\u2013 D \u2013 Hoyerswerda \u2013 Kulturfabrik<br \/>\n13.03.2020\u00a0\u2013 D \u2013 Suhl\u00a0\u2013 Kulturbaustelle<br \/>\n12.03.2020\u00a0\u2013 D \u2013 Darmstadt\u00a0\u2013 806qm<br \/>\n11.03.2020\u00a0\u2013 D \u2013 Stuttgart\u00a0\u2013 Caf\u00e9 Galao<br \/>\n10.03.2020\u00a0\u2013 D \u2013 Erlangen\u00a0\u2013 E-Werk<br \/>\n07.03.2020\u00a0\u2013 D \u2013 Waldsassen\u00a0\u2013 Kunsthaus<\/p>\n<h2>2018<\/h2>\n<p>23.10.2018 \u2013 D \u2013 Bayreuth \u2013 Wohnzimmermucke<br \/>\n22.10.2018 \u2013 D \u2013 Wiesbaden \u2013 Weinl\u00e4nder<br \/>\n18.10.2018 \u2013 D \u2013 Paderborn \u2013 Wohlsein<br \/>\n11.10.2018 \u2013 D \u2013 Schweinfurt \u2013 Stattbahnhof<br \/>\n04.10.2018 \u2013 D \u2013 Leipzig \u2013 M\u00f6rtelwerk<br \/>\n03.10.2018 \u2013 D \u2013 Erlangen \u2013 Markgrafentheater<br \/>\n22.09.2018 \u2013 D \u2013 Oelsnitz \u2013 Katharinenkirche<br \/>\n07.09.2018 \u2013 D \u2013 Herne \u2013 Street Festival<br \/>\n06.09.2018 \u2013 D \u2013 Bielefeld \u2013 Bunker Ulmenwall<br \/>\n24.08.2018 \u2013 D \u2013 Gunzenhausen \u2013 Sommerkl\u00e4nge<br \/>\n11.08.2018 \u2013 CH \u2013 Trogen \u2013 Barmudafest<br \/>\n31.07.2018 \u2013 D \u2013 M\u00fcnchen \u2013 Kulturstrand<br \/>\n21.07.2018 \u2013 D \u2013 Darmstadt \u2013 Bedroomdisco Open Air<br \/>\n13.07.2018 \u2013 D \u2013 Pfungstadt \u2013 Pfungo<br \/>\n08.07.2018 \u2013 D \u2013 Gunzenhausen \u2013 B\u00fcrgerfest<br \/>\n28.06.2018 \u2013 D \u2013 Lorsch \u2013 Birkengarten<br \/>\n20.06.2018 \u2013 D \u2013 N\u00fcrnberg \u2013 Katharinenruine<br \/>\n16.06.2018 \u2013 D \u2013 Zwingenberg \u2013 Stadtparkustik<br \/>\n06.06.2018 \u2013 D \u2013 Osnabr\u00fcck \u2013 Stadtbibliothek \u2013 LeseLouge<br \/>\n01.06.2018 \u2013 D \u2013 Moers \u2013 Bollwerk 107<br \/>\n10.05.2018 \u2013 D \u2013 Hagen \u2013 Kulturzentrum Pelmke<br \/>\n05.05.2018 \u2013 D \u2013 Ueckerm\u00fcnde \u2013 Speicher<br \/>\n04.05.2018 \u2013 D \u2013 Potsdam \u2013 Waschhaus<br \/>\n03.05.2018 \u2013 D \u2013 L\u00fcneburg \u2013 Konzertscheune<br \/>\n02.05.2018 \u2013 D \u2013 Bremen \u2013 Karton<br \/>\n24.03.2108 \u2013 D \u2013 Bad K\u00f6nigshofen \u2013 Alte Darre<br \/>\n11.03.2018 \u2013 D \u2013 Aachen \u2013 Franz<br \/>\n10.03.2018 \u2013 D \u2013 Mannheim \u2013 Mono<br \/>\n09.03.2018 \u2013 D \u2013 Gelsenkirchen \u2013 Wohnzimmer<br \/>\n08.03.2018 \u2013 D \u2013 Hamburg \u2013 Nochtwache<br \/>\n07.03.2018 \u2013 D \u2013 Rostock \u2013 M.A.U.<br \/>\n06.03.2018 \u2013 D \u2013 G\u00f6ttingen \u2013 N\u00f6rgelbuff<br \/>\n03.03.2018 \u2013 D \u2013 Esslingen \u2013 Kulturzentrum Dieselstrasse<br \/>\n01.03.2018 \u2013 D \u2013 M\u00fcnchen \u2013 Glockenbachwerkstatt<br \/>\n15.02.2018 \u2013 D \u2013 W\u00fcrzburg \u2013 Cairo<br \/>\n04.02.2018 \u2013 ITA \u2013 Cisternino \u2013 Mangianastri<br \/>\n03.02.2018 \u2013 ITA \u2013 Ragusa \u2013 Lebowski<br \/>\n02.02.2018 \u2013 ITA \u2013 Palermo \u2013 Fabbrica 102<br \/>\n01.02.2018 \u2013 ITA \u2013 Santeramo in Colle \u2013 Tangram<br \/>\n31.01.2018 \u2013 ITA \u2013 San Vito dei Normanni \u2013 ExFadda<br \/>\n30.01.2018 \u2013 ITA \u2013 Paestum \u2013 Casa Rubini<br \/>\n28.01.2018 \u2013 ITA \u2013 Foggia \u2013 The Alibi<br \/>\n27.01.2018 \u2013 ITA \u2013 Terni \u2013 Mishima<br \/>\n26.01.2018 \u2013 ITA \u2013 Grottammare \u2013 Osteria Infinito<br \/>\n25.01.2018 \u2013 ITA \u2013 Treviso \u2013 Dump<br \/>\n24.01.2018 \u2013 ITA \u2013 Livorno \u2013 Ex-Cinema Aurora<br \/>\n23.01.2018 \u2013 ITA \u2013 Perugia \u2013 Marla<\/p>\n<h2>2017<\/h2>\n<p>02.12.2017 \u2013 D \u2013 Darmstadt \u2013 Kulturwerk Griesheim<br \/>\n01.12.2017 \u2013 D \u2013 Kassel \u2013 Kaf\u00e9 am Weinberg<br \/>\n30.11.2017 \u2013 D \u2013 Hannover \u2013 Mephisto<br \/>\n18.11.2017 \u2013 D \u2013 Suhl \u2013 Kulturbaustelle<br \/>\n11.11.2017 \u2013 D \u2013 Hof \u2013 Kunstkaufhaus<br \/>\n20.10.2017 \u2013 D \u2013 M\u00fcnchen \u2013 Heppel &amp; Ettlich<br \/>\n14.10.2017 \u2013 D \u2013 Eckental \u2013 JUZ<br \/>\n07.10.2017 \u2013 D \u2013 Wiesbaden \u2013 Walhalla im Exil<br \/>\n06.10.2017 \u2013 D \u2013 Essen \u2013 Weststadthalle<br \/>\n02.10.2017 \u2013 D \u2013 T\u00fcbingen \u2013 Sudhaus<br \/>\n29.09.2017 \u2013 D \u2013 Weimar \u2013 Kasseturm<br \/>\n28.09.2017 \u2013 D \u2013 Chemnitz \u2013 Aaltra<br \/>\n27.09.2017 \u2013 D \u2013 G\u00f6ttingen \u2013 Apex<br \/>\n23.09.2017 \u2013 D \u2013 Celle \u2013 MS Loretta<br \/>\n16.09.2017 \u2013 D \u2013 Ulm \u2013 Kulturnacht \u2013 Club Schilli<br \/>\n19.08.2017 \u2013 D \u2013 Halle \u2013 MDR KULTUR-Session<br \/>\n15.08.2017 \u2013 D \u2013 M\u00fcnchen \u2013 Viehhof \u2013 Kultur-Festival \u2013 Puls Session<br \/>\n06.08.2017 \u2013 D \u2013 Hersbruck \u2013 Altstadtfest<br \/>\n05.08.2017 \u2013 D \u2013 Augsburg \u2013 Kulturina 2017<br \/>\n03.08.2017 \u2013 D \u2013 Friedrichshafen \u2013 Kulturufer<br \/>\n02.08.2017 \u2013 D \u2013 M\u00fcnchen \u2013 Free &amp; Easy Festival \u2013 Backstage<br \/>\n30.07.2017 \u2013 D \u2013 Haslach \u2013 Europ\u00e4ische Nacht<br \/>\n29.07.2017 \u2013 D \u2013 N\u00fcrnberg \u2013 Mono-Ton Sommerfest<br \/>\n29.07.2017 \u2013 D \u2013 N\u00fcrnberg \u2013 Bardentreffen \u2013 MUZ-B\u00fchne<br \/>\n22.07.2017 \u2013 D \u2013 Hof \u2013 Nacht der Sinne 2017<br \/>\n07.07.2017 \u2013 D \u2013 Werne \u2013 Fl\u00f6z K<br \/>\n05.07.2017 \u2013 D \u2013 Stuttgart \u2013 Wizemann \u2013 Hackathon<br \/>\n01.07.2017 \u2013 D \u2013 Marktneukirchen \u2013 SlowDown OpenAir<br \/>\n30.06.2017 \u2013 D \u2013 Abenberg \u2013 Burg Abenberg<br \/>\n24.06.2017 \u2013 D \u2013 Dresden \u2013 Elbhandfest<br \/>\n17.06.2017 \u2013 AT \u2013 Salzburg \u2013 Corner<br \/>\n10.06.2017 \u2013 D \u2013 Hamburg \u2013 Kukuun<br \/>\n08.06.2017 \u2013 D \u2013 Berlin \u2013 Privatclub<br \/>\n04.06.2017 \u2013 D \u2013 Ludwigsburg \u2013 Stramu<br \/>\n03.06.2017 \u2013 D \u2013 Ludwigsburg \u2013 Stramu<br \/>\n27.05.2017 \u2013 CH \u2013 Thun \u2013 Caf\u00e9 Mokka<br \/>\n25.05.2017 \u2013 AT \u2013 St. Georgen \u2013 Bar F\u00fcmreif<br \/>\n20.05.2017 \u2013 D \u2013 Greifswald \u2013 Boddenhus<br \/>\n19.05.2017 \u2013 D \u2013 Magdeburg \u2013 Moritzhof<br \/>\n17.05.2017 \u2013 D \u2013 Erlangen \u2013 E-Werk<br \/>\n13.05.2017 \u2013 D \u2013 Regensburg \u2013 W1<br \/>\n12.05.2017 \u2013 D \u2013 Schweinfurt \u2013 Stattbahnhof<br \/>\n11.05.2017 \u2013 D \u2013 Pfarrkirchen \u2013 Bogaloo<br \/>\n05.05.2017 \u2013 D \u2013 F\u00fcrstenwalde \u2013 Club im Park<br \/>\n03.05.2017 \u2013 D \u2013 Zwickau \u2013 Alter Gasometer<br \/>\n29.04.2017 \u2013 D \u2013 Wermelskirchen \u2013 Kattwinkelsche Fabrik<br \/>\n28.04.2017 \u2013 D \u2013 Frankfurt \u2013 Lotte Lindenberg<br \/>\n08.04.2017 \u2013 D \u2013 Bremerhaven \u2013 Findus<br \/>\n07.04.2017 \u2013 D \u2013 Hamburg \u2013 Pooca Bar<br \/>\n06.04.2017 \u2013 D \u2013 Hannover \u2013 Lindwurm<br \/>\n02.04.2017 \u2013 D \u2013 Trier \u2013 Melodica Festival<br \/>\n01.04.2017 \u2013 D \u2013 F\u00fcrth \u2013 Kopf &amp; Kragen<br \/>\n18.03.2017 \u2013 D \u2013 Bayreuth \u2013 EinFestival<br \/>\n16.03.2017 \u2013 D \u2013 Eggenfelden \u2013 Gew\u00f6lbekeller<br \/>\n25.02.2017 \u2013 D \u2013 Neu-Ulm \u2013 Caf\u00e9 D\u2019Art<br \/>\n20.02.2017 \u2013 D \u2013 Bamberg \u2013 Live Club<br \/>\n17.02.2017 \u2013 D \u2013 N\u00fcrnberg \u2013 LOFT<br \/>\n16.02.2017 \u2013 D \u2013 Gunzenhausen \u2013 Cayman<br \/>\n14.02.2017 \u2013 D \u2013 Bayreuth \u2013 S\u00fcbk\u00fclt\u00fcr<br \/>\n12.02.2017 \u2013 D \u2013 H\u00f6hr\/Grenzhausen \u2013 Caf\u00e9 Libre<br \/>\n11.02.2017 \u2013 D \u2013 Moers \u2013 Bollwerk 107<br \/>\n04.02.2017 \u2013 D \u2013 Annaberg-Buchholz \u2013 Alte Brauerei<br \/>\n03.02.2017 \u2013 D \u2013 Erding \u2013 Sonic<br \/>\n02.02.2017 \u2013 D \u2013 M\u00fcnchen \u2013 Bar Gabanyi<br \/>\n28.01.2017 \u2013 D \u2013 Hamburg \u2013 Relexa Hotel<br \/>\n27.01.2017 \u2013 D \u2013 Kiel \u2013 Prinz Willy<br \/>\n26.01.2017 \u2013 D \u2013 L\u00fcbeck \u2013 Tonfink<br \/>\n25.01.2017 \u2013 D \u2013 Bremen \u2013 Litfass<br \/>\n22.01.2017 \u2013 D \u2013 Berlin \u2013 Nussbreite<br \/>\n21.01.2017 \u2013 D \u2013 Potsdam \u2013 Zweitwohnsitz<br \/>\n12.01.2017 \u2013 D \u2013 Weiden \u2013 Kulturb\u00fchne<br \/>\n05.01.2017 \u2013 D \u2013 Traunstein \u2013 PULS Club Festival<\/p>\n<h2>2016<\/h2>\n<p>21.12.2016 \u2013 D \u2013 Herrenberg \u2013 Mauerwerk<br \/>\n26.11.2016 \u2013 D \u2013 Erlangen \u2013 Waldweihnacht<br \/>\n11.11.2016 \u2013 D \u2013 Bad Neustadt &#8211; JuZe<br \/>\n29.10.2016 \u2013 D \u2013 N\u00fcrnberg \u2013 N\u00fcrnberg.Pop<br \/>\n28.10.2016 \u2013 AT \u2013 Lustenau \u2013 Fohra 2226<br \/>\n22.10.2016 \u2013 D \u2013 Bayreuth \u2013 Kneipenfestival<br \/>\n21.10.2016 \u2013 D \u2013 Helmbrechts \u2013 Filmwerk<br \/>\n18.10.2016 \u2013 D \u2013 M\u00fcnchen \u2013 Strom<br \/>\n14.10.2016 \u2013 D \u2013 Pfarrkirchen \u2013 Club Bogaloo<br \/>\n03.10.2016 \u2013 D \u2013 Meiningen \u2013 Fest der Einheit<br \/>\n01.10.2016 \u2013 D \u2013 Weingarten \u2013 Musiknacht<br \/>\n23.09.2016 \u2013 D \u2013 Krefeld \u2013 S\u00fcdbahnhof \u2013 The Best Of KRefeld Unplugged 2016<br \/>\n09.09.2016 \u2013 D \u2013 Leonberg \u2013 Strohl\u00e4ndle<br \/>\n03.09.2016 \u2013 D \u2013 Schweinfurt \u2013 Pflasterklang<br \/>\n28.08.2016 \u2013 D \u2013 Br\u00e4unlingen \u2013 Musiksonntag<br \/>\n27.08.2016 \u2013 D \u2013 Ottweiler \u2013 Musikfestival<br \/>\n21.08.2016 \u2013 D \u2013 Geldern \u2013 Stra\u00dfenmaler<br \/>\n20.08.2016 \u2013 D \u2013 Geldern \u2013 Stra\u00dfenmaler<br \/>\n19.08.2016 \u2013 D \u2013 Borken \u2013 Stadtmusik<br \/>\n07.08.2016 \u2013 D \u2013 Hersbruck \u2013 Altstadtfest<br \/>\n04.08.2016 \u2013 D \u2013 Friedrichshafen \u2013 Kulturufer<br \/>\n31.07.2016 \u2013 D \u2013 Haslach \u2013 Stramu<br \/>\n30.07.2016 \u2013 D \u2013 N\u00fcrnberg \u2013 Bardentreffen<br \/>\n29.07.2016 \u2013 D \u2013 N\u00fcrnberg \u2013 Bardentreffen<br \/>\n23.07.2016 \u2013 D \u2013 Hof \u2013 Nacht der Sinne<br \/>\n22.07.2016 \u2013 D \u2013 Schwabach \u2013 B\u00fcrgerfest<br \/>\n21.07.2016 \u2013 D \u2013 Schweinfurt \u2013 Stattbahnhof<br \/>\n09.07.2016 \u2013 D \u2013 Marburg \u2013 3TM \u2013 3 Tage Marburg<br \/>\n08.07.2016 \u2013 D \u2013 Herrenberg \u2013 Sommerfarben<br \/>\n02.07.2016 \u2013 D \u2013 Erlenbach \u2013 4 ums Dorf<br \/>\n01.07.2016 \u2013 D \u2013 Weil die Stadt \u2013 Musikfestival<br \/>\n30.06.2016 \u2013 D \u2013 M\u00fcnchen \u2013 TUNIX Open Air<br \/>\n26.06.2016 \u2013 D \u2013 Lauf \u2013 Altstadtfest<br \/>\n22.06.2016 \u2013 D \u2013 Baden-Baden \u2013 Rantastic<br \/>\n12.06.2016 \u2013 D \u2013 Unkel \u2013 Ars Fontana<br \/>\n11.06.2016 \u2013 D \u2013 Schloss Kaltenberg \u2013 PULS Open Air<br \/>\n09.06.2016 \u2013 D \u2013 Erfurt \u2013 Engelsburg<br \/>\n01.06.2016 \u2013 D \u2013 N\u00fcrnberg \u2013 MUZ<br \/>\n26.05.2016 \u2013 D \u2013 M\u00fcnchen \u2013 StaStuCulum<br \/>\n08.05.2016 \u2013 D \u2013 Oestrich-Windel &#8211; Schlemmerwochen<br \/>\n07.05.2016 \u2013 D \u2013 Solingen \u2013 Tom Bombadil<br \/>\n06.05.2016 \u2013 D \u2013 Krefeld \u2013 Krefeld Unplugged<br \/>\n05.05.2016 \u2013 D \u2013 Oestrich-Windel &#8211; Schlemmerwochen<br \/>\n02.05.2016 \u2013 D \u2013 Mainz &#8211; Schick &amp; Sch\u00f6n<br \/>\n29.04.2016 \u2013 D \u2013 Freising \u2013 Uferlos Festival<br \/>\n23.04.2016 \u2013 D \u2013 Schl\u00fcchtern \u2013 L\u00f6wenkeller<br \/>\n22.04.2016 \u2013 D \u2013 R\u00fcsselsheim \u2013 WaschBar<br \/>\n20.04.2016 \u2013 D \u2013 D\u00fcsseldorf \u2013 Kwadrat<br \/>\n14.04.2016 \u2013 D \u2013 Konstanz &#8211; Ko&#8217;Ono<br \/>\n09.04.2016 \u2013 LI \u2013 Schaan \u2013 Speck<br \/>\n08.04.2016 \u2013 CH \u2013 Z\u00fcrich \u2013 Kafi F\u00fcr Dich<br \/>\n07.04.2016 \u2013 D \u2013 Freiburg \u2013 Sofa Sessions<br \/>\n03.04.2016 \u2013 D \u2013 Dresden \u2013 Blue Note<br \/>\n02.04.2016 \u2013 D \u2013 Halle \u2013 Lichthaus<br \/>\n31.03.2016 \u2013 AT \u2013 Wien \u2013 Konzert im Dunklen<br \/>\n24.03.2016 \u2013 AT \u2013 Dornbirn \u2013 Anziehbar<br \/>\n23.03.2016 \u2013 D \u2013 \u00dcberlingen \u2013 KulturKiste<br \/>\n13.03.2016 \u2013 D \u2013 Neum\u00fcnster \u2013 Fr\u00e4ulein Frieda<br \/>\n12.03.2016 \u2013 D \u2013 L\u00fcbeck \u2013 Tonfink<br \/>\n11.03.2016 \u2013 D \u2013 Hamburg \u2013 25hours Hotel<br \/>\n10.03.2016 \u2013 D \u2013 Kiel \u2013 Prinz Willy<br \/>\n09.03.2016 \u2013 D \u2013 G\u00f6ttingen \u2013 Wohnzimmermusik im Salon<br \/>\n04.03.2016 &#8211; D &#8211; K\u00f6ln &#8211; Lagerfeuer Deluxe &#8211; Studio 672\/Stadtgarten<br \/>\n03.03.2016 \u2013 LU &#8211; Differdingen &#8211; Schr\u00e4inerei<br \/>\n02.03.2016 \u2013 D \u2013 Saarbr\u00fccken \u2013 Bar Central<br \/>\n26.02.2016 \u2013 D \u2013 N\u00fcrnberg \u2013 Kulturladen R\u00f6thenbach<br \/>\n18.02.2016 \u2013 D \u2013 N\u00fcrnberg \u2013 Club Stereo<br \/>\n13.02.2016 \u2013 D \u2013 Hof \u2013 YourStage-Festival<br \/>\n26.01.2016 \u2013 D \u2013 Darmstadt \u2013 Schlosskeller<br \/>\n15.01.2016 \u2013 D \u2013 Leipzig \u2013 Noch besser Leben<br \/>\n09.01.2016 \u2013 D \u2013 Dresden \u2013 Buchbar<br \/>\n08.01.2016 \u2013 D \u2013 Cottbus \u2013 Grenzenlos<br \/>\n07.01.2016 \u2013 D \u2013 Erfurt \u2013 Nelly<\/p>\n","protected":false},"excerpt":{"rendered":"<p>2025 10.07.2025 \u2013 D \u2013 Hamburg \u2013 Knust 27.06.2025 \u2013 D \u2013 Zwickau \u2013 Alter Gasometer 11.05.2025 \u2013 D \u2013 Offenbach \u2013 Hafen2 10.05.2025 \u2013 D \u2013 G\u00f6ttingen \u2013 N\u00f6rgelbuff 09.05.2025 \u2013 D \u2013 Jever \u2013 LOK Kulturzentrum 08.05.2025 \u2013 D \u2013 Oldenburg \u2013 umBAUbar 06.05.2025 \u2013 D \u2013 Hannover \u2013 Caf\u00e9 Glocksee 05.05.2025 \u2013 [&hellip;]<\/p>\n","protected":false},"author":1,"featured_media":0,"parent":44,"menu_order":420,"comment_status":"closed","ping_status":"closed","template":"","meta":{"footnotes":""},"class_list":["post-45","page","type-page","status-publish","hentry"],"aioseo_notices":[],"_links":{"self":[{"href":"https:\/\/nickandjune.com\/de\/wp-json\/wp\/v2\/pages\/45","targetHints":{"allow":["GET"]}}],"collection":[{"href":"https:\/\/nickandjune.com\/de\/wp-json\/wp\/v2\/pages"}],"about":[{"href":"https:\/\/nickandjune.com\/de\/wp-json\/wp\/v2\/types\/page"}],"author":[{"embeddable":true,"href":"https:\/\/nickandjune.com\/de\/wp-json\/wp\/v2\/users\/1"}],"replies":[{"embeddable":true,"href":"https:\/\/nickandjune.com\/de\/wp-json\/wp\/v2\/comments?post=45"}],"version-history":[{"count":75,"href":"https:\/\/nickandjune.com\/de\/wp-json\/wp\/v2\/pages\/45\/revisions"}],"predecessor-version":[{"id":5055,"href":"https:\/\/nickandjune.com\/de\/wp-json\/wp\/v2\/pages\/45\/revisions\/5055"}],"up":[{"embeddable":true,"href":"https:\/\/nickandjune.com\/de\/wp-json\/wp\/v2\/pages\/44"}],"wp:attachment":[{"href":"https:\/\/nickandjune.com\/de\/wp-json\/wp\/v2\/media?parent=45"}],"curies":[{"name":"wp","href":"https:\/\/api.w.org\/{rel}","templated":true}]}}