{"id":44,"date":"2013-03-25T17:54:49","date_gmt":"2013-03-25T17:54:49","guid":{"rendered":"http:\/\/nickandjune.com\/wordpress\/?page_id=44"},"modified":"2026-03-16T10:10:13","modified_gmt":"2026-03-16T10:10:13","slug":"live","status":"publish","type":"page","link":"https:\/\/nickandjune.com\/de\/live\/","title":{"rendered":"Live"},"content":{"rendered":"<p>&nbsp;<\/p>\n<table style=\"border-collapse: collapse; width: 100%; height: 526px;\">\n<tbody>\n<tr style=\"height: 23px;\">\n<td style=\"width: 17.8571%; height: 23px;\"><span style=\"color: #ffcc99;\">21 Januar<\/span><\/td>\n<td style=\"width: 28.3333%; height: 23px;\"><span style=\"color: #ffcc99;\">Dresden <span style=\"color: #808080;\">(DE)<\/span><\/span><\/td>\n<td style=\"width: 40.5952%; height: 23px;\"><a href=\"https:\/\/www.ost-pol.de\/\" target=\"_blank\" rel=\"noopener\"><span style=\"color: #ffcc99;\">Ostpol<\/span><\/a><\/td>\n<td style=\"width: 13.2143%; height: 23px;\"><span style=\"color: #ff0000;\">AUSVERKAUFT<\/span><\/td>\n<\/tr>\n<tr style=\"height: 23px;\">\n<td style=\"width: 17.8571%; height: 23px;\"><span style=\"color: #ffcc99;\">22 Januar<\/span><\/td>\n<td style=\"width: 28.3333%; height: 23px;\"><span style=\"color: #ffcc99;\">Jena <span style=\"color: #808080;\">(DE)<\/span><\/span><\/td>\n<td style=\"width: 40.5952%; height: 23px;\"><a href=\"https:\/\/www.wagnerverein-jena.de\/de\/\" target=\"_blank\" rel=\"noopener\"><span style=\"color: #ffcc99;\">Caf\u00e9 Wagner<\/span><\/a><\/td>\n<td style=\"width: 13.2143%; height: 23px;\"><a href=\"https:\/\/www.tixforgigs.com\/Event\/67632\" target=\"_blank\" rel=\"noopener\">Tickets<\/a><\/td>\n<\/tr>\n<tr style=\"height: 23px;\">\n<td style=\"width: 17.8571%; height: 23px;\"><span style=\"color: #ffcc99;\">23 Januar<\/span><\/td>\n<td style=\"width: 28.3333%; height: 23px;\"><span style=\"color: #ffcc99;\">Magdeburg <span style=\"color: #808080;\">(DE)<\/span><\/span><\/td>\n<td style=\"width: 40.5952%; height: 23px;\"><a href=\"https:\/\/moritzhof-magdeburg.de\" target=\"_blank\" rel=\"noopener\"><span style=\"color: #ffcc99;\">Moritzhof<\/span><\/a><\/td>\n<td style=\"width: 13.2143%; height: 23px;\"><span style=\"color: #ff0000;\">AUSVERKAUFT<\/span><\/td>\n<\/tr>\n<tr style=\"height: 23px;\">\n<td style=\"width: 17.8571%; height: 23px;\"><span style=\"color: #ffcc99;\">24 Januar<\/span><\/td>\n<td style=\"width: 28.3333%; height: 23px;\"><span style=\"color: #ffcc99;\">Braunschweig <span style=\"color: #808080;\">(DE)<\/span><\/span><\/td>\n<td style=\"width: 40.5952%; height: 23px;\"><a href=\"https:\/\/kufa.haus\" target=\"_blank\" rel=\"noopener\"><span style=\"color: #ffcc99;\">KuFa Haus<\/span><\/a><\/td>\n<td style=\"width: 13.2143%; height: 23px;\"><a href=\"https:\/\/www.eventim-light.com\/de\/a\/5d5f99dcdbd66f0001fde1ab\/e\/689af0d11d2a3e30aa61c153\" target=\"_blank\" rel=\"noopener\">Tickets<\/a><\/td>\n<\/tr>\n<tr style=\"height: 23px;\">\n<td style=\"width: 17.8571%; height: 23px;\"><span style=\"color: #ffcc99;\">25 Januar<\/span><\/td>\n<td style=\"width: 28.3333%; height: 23px;\"><span style=\"color: #ffcc99;\">M\u00fcnchen <span style=\"color: #808080;\">(DE)<\/span><\/span><\/td>\n<td style=\"width: 40.5952%; height: 23px;\"><a href=\"https:\/\/milla-club.de\" target=\"_blank\" rel=\"noopener\"><span style=\"color: #ffcc99;\">Milla<\/span><\/a><\/td>\n<td style=\"width: 13.2143%; height: 23px;\"><span style=\"color: #ff0000;\">AUSVERKAUFT<\/span><\/td>\n<\/tr>\n<tr style=\"height: 23px;\">\n<td style=\"width: 17.8571%; height: 23px;\"><span style=\"color: #ffcc99;\">26 Januar<\/span><\/td>\n<td style=\"width: 28.3333%; height: 23px;\"><span style=\"color: #ffcc99;\">N\u00fcrnberg <span style=\"color: #808080;\">(DE)<\/span><\/span><\/td>\n<td style=\"width: 40.5952%; height: 23px;\"><a href=\"https:\/\/www.club-stereo.net\/konzert\/nick-june\/\" target=\"_blank\" rel=\"noopener\"><span style=\"color: #ffcc99;\">club stereo<\/span><\/a><\/td>\n<td style=\"width: 13.2143%; height: 23px;\"><a href=\"https:\/\/www.ticketmaster.de\/event\/nick--june-tickets\/1409637406\" target=\"_blank\" rel=\"noopener\">Tickets<\/a><\/td>\n<\/tr>\n<tr style=\"height: 23px;\">\n<td style=\"width: 17.8571%; height: 23px;\"><span style=\"color: #ffcc99;\">28 Januar<\/span><\/td>\n<td style=\"width: 28.3333%; height: 23px;\"><span style=\"color: #ffcc99;\">Erfurt <span style=\"color: #808080;\">(DE)<\/span><\/span><\/td>\n<td style=\"width: 40.5952%; height: 23px;\"><a href=\"https:\/\/hsd-erfurt.de\" target=\"_blank\" rel=\"noopener\"><span style=\"color: #ffcc99;\">Museumskeller<\/span><\/a><\/td>\n<td style=\"width: 13.2143%; height: 23px;\"><span style=\"color: #ff0000;\">AUSVERKAUFT<\/span><\/td>\n<\/tr>\n<tr style=\"height: 23px;\">\n<td style=\"width: 17.8571%; height: 23px;\"><span style=\"color: #ffcc99;\">29 Januar<\/span><\/td>\n<td style=\"width: 28.3333%; height: 23px;\"><span style=\"color: #ffcc99;\">Leipzig <span style=\"color: #808080;\">(DE)<\/span><\/span><\/td>\n<td style=\"width: 40.5952%; height: 23px;\"><a href=\"https:\/\/neuesschauspielleipzig.de\" target=\"_blank\" rel=\"noopener\"><span style=\"color: #ffcc99;\">Neues Schauspiel<\/span><\/a><\/td>\n<td style=\"width: 13.2143%; height: 23px;\"><a href=\"https:\/\/all-rooms.tickettoaster.de\/produkte\/86692-tickets-nick-june-neues-schauspiel-leipzig-am-29-01-2026\" target=\"_blank\" rel=\"noopener\">Tickets<\/a><\/td>\n<\/tr>\n<tr style=\"height: 23px;\">\n<td style=\"width: 17.8571%; height: 23px;\"><span style=\"color: #ffcc99;\">30 Januar<\/span><\/td>\n<td style=\"width: 28.3333%; height: 23px;\"><span style=\"color: #ffcc99;\">Berlin <span style=\"color: #808080;\">(DE)<\/span><\/span><\/td>\n<td style=\"width: 40.5952%; height: 23px;\"><a href=\"https:\/\/privatclub-berlin.de\" target=\"_blank\" rel=\"noopener\"><span style=\"color: #ffcc99;\">Privatclub<\/span><\/a><\/td>\n<td style=\"width: 13.2143%; height: 23px;\"><a href=\"https:\/\/www.eventim.de\/event\/nick-june-privatclub-20577482\/?affiliate=GMD\" target=\"_blank\" rel=\"noopener\">Tickets<\/a><\/td>\n<\/tr>\n<tr style=\"height: 23px;\">\n<td style=\"width: 17.8571%; height: 23px;\"><span style=\"color: #ffcc99;\">31 Januar<\/span><\/td>\n<td style=\"width: 28.3333%; height: 23px;\"><span style=\"color: #ffcc99;\">D\u00fcsseldorf <span style=\"color: #808080;\">(DE)<\/span><\/span><\/td>\n<td style=\"width: 40.5952%; height: 23px;\"><a href=\"https:\/\/www.fft-duesseldorf.de\/de\/\" target=\"_blank\" rel=\"noopener\"><span style=\"color: #ffcc99;\">FFT<\/span><\/a><\/td>\n<td style=\"width: 13.2143%; height: 23px;\"><span style=\"color: #ff0000;\">AUSVERKAUFT<\/span><\/td>\n<\/tr>\n<tr style=\"height: 23px;\">\n<td style=\"width: 17.8571%; height: 10px;\"><span style=\"color: #ffcc99;\">26 Februar<\/span><\/td>\n<td style=\"width: 28.3333%; height: 10px;\"><span style=\"color: #ffcc99;\">Ravensburg<span style=\"color: #808080;\"> (DE)<\/span><\/span><\/td>\n<td style=\"width: 40.5952%; height: 10px;\"><a href=\"https:\/\/www.zehntscheuer-ravensburg.de\" target=\"_blank\" rel=\"noopener\"><span style=\"color: #ffcc99;\">Zehntscheuer<\/span><\/a><\/td>\n<td style=\"width: 13.2143%; height: 10px;\"><span style=\"color: #ff0000;\">AUSVERKAUFT<\/span><\/td>\n<\/tr>\n<tr style=\"height: 23px;\">\n<td style=\"width: 17.8571%; height: 23px;\"><span style=\"color: #ffcc99;\">27 Februar<\/span><\/td>\n<td style=\"width: 28.3333%; height: 23px;\"><span style=\"color: #ffcc99;\">Freiburg <span style=\"color: #808080;\">(DE)<\/span><\/span><\/td>\n<td style=\"width: 40.5952%; height: 23px;\"><a href=\"https:\/\/www.vorderhaus.de\" target=\"_blank\" rel=\"noopener\"><span style=\"color: #ffcc99;\">Vorderhaus<\/span><\/a><\/td>\n<td style=\"width: 13.2143%; height: 23px;\"><a href=\"https:\/\/www.reservix.de\/tickets-nick-june-new-years-face-tour-2026-in-freiburg-im-breisgau-vorderhaus-am-27-2-2026\/e2460031\" target=\"_blank\" rel=\"noopener\">Tickets<\/a><\/td>\n<\/tr>\n<tr style=\"height: 23px;\">\n<td style=\"width: 17.8571%; height: 23px;\"><span style=\"color: #ffcc99;\">28 Februar<\/span><\/td>\n<td style=\"width: 28.3333%; height: 23px;\"><span style=\"color: #ffcc99;\">Pfaffenhofen <span style=\"color: #808080;\">(DE)<\/span><\/span><\/td>\n<td style=\"width: 40.5952%; height: 23px;\"><span style=\"color: #ffcc99;\"><a style=\"color: #ffcc99;\" href=\"https:\/\/www.intakt-musikinstitut.de\" target=\"_blank\" rel=\"noopener\">intakt Musikinstitut<\/a><\/span><\/td>\n<td style=\"width: 13.2143%; height: 23px;\"><span style=\"color: #ff0000;\">AUSVERKAUFT<\/span><\/td>\n<\/tr>\n<tr style=\"height: 23px;\">\n<td style=\"width: 17.8571%; height: 23px;\"><span style=\"color: #ffcc99;\">04 M\u00e4rz<\/span><\/td>\n<td style=\"width: 28.3333%; height: 23px;\"><span style=\"color: #ffcc99;\">Wien <span style=\"color: #808080;\">(AT)<\/span><\/span><\/td>\n<td style=\"width: 40.5952%; height: 23px;\"><a href=\"https:\/\/www.b72.at\" target=\"_blank\" rel=\"noopener\"><span style=\"color: #ffcc99;\">b72<\/span><\/a><\/td>\n<td style=\"width: 13.2143%; height: 23px;\"><a href=\"https:\/\/www.eventim.de\/event\/nick-june-b72-20551508\/?srsltid=AfmBOop9H7BcaU1EJQa52e25KzlBBbZ2eFYoMsAQaw0E6RRRzsCDH04p\" target=\"_blank\" rel=\"noopener\">Tickets<\/a><\/td>\n<\/tr>\n<tr style=\"height: 23px;\">\n<td style=\"width: 17.8571%; height: 23px;\"><span style=\"color: #ffcc99;\">07 M\u00e4rz<\/span><\/td>\n<td style=\"width: 28.3333%; height: 23px;\"><span style=\"color: #ffcc99;\">Passau<span style=\"color: #808080;\"> (DE)<\/span><\/span><\/td>\n<td style=\"width: 40.5952%; height: 23px;\"><a href=\"https:\/\/www.zauberberg-passau.com\/\" target=\"_blank\" rel=\"noopener\"><span style=\"color: #ffcc99;\">Zauberberg<\/span><\/a><\/td>\n<td style=\"width: 13.2143%; height: 23px;\"><a href=\"https:\/\/www.eventim-light.com\/de\/a\/5d876b90650b9300010b9667\/e\/6901e41a747cf2650bc52c63\" target=\"_blank\" rel=\"noopener\">Tickets<\/a><\/td>\n<\/tr>\n<tr style=\"height: 23px;\">\n<td style=\"width: 17.8571%; height: 23px;\"><span style=\"color: #ffcc99;\">10 M\u00e4rz<\/span><\/td>\n<td style=\"width: 28.3333%; height: 23px;\"><span style=\"color: #ffcc99;\">Halle <span style=\"color: #808080;\">(DE)<\/span><\/span><\/td>\n<td style=\"width: 40.5952%; height: 23px;\"><a href=\"https:\/\/www.objekt5.com\" target=\"_blank\" rel=\"noopener\"><span style=\"color: #ffcc99;\">Objekt 5<\/span><\/a><\/td>\n<td style=\"width: 13.2143%; height: 23px;\"><span style=\"color: #ff0000;\">AUSVERKAUFT<\/span><\/td>\n<\/tr>\n<tr style=\"height: 23px;\">\n<td style=\"width: 17.8571%; height: 23px;\"><span style=\"color: #ffcc99;\">11 M\u00e4rz<\/span><\/td>\n<td style=\"width: 28.3333%; height: 23px;\"><span style=\"color: #ffcc99;\">Bremen<span style=\"color: #808080;\"> (DE)<\/span><\/span><\/td>\n<td style=\"width: 40.5952%; height: 23px;\"><a href=\"https:\/\/www.kulturzentrum-lagerhaus.de\" target=\"_blank\" rel=\"noopener\"><span style=\"color: #ffcc99;\">Lagerhaus<\/span><\/a><\/td>\n<td style=\"width: 13.2143%; height: 23px;\"><a href=\"https:\/\/www.eventim.de\/event\/nick-june-kulturzentrum-lagerhaus-20589706\/?affiliate=TUG\" target=\"_blank\" rel=\"noopener\">Tickets<\/a><\/td>\n<\/tr>\n<tr style=\"height: 23px;\">\n<td style=\"width: 17.8571%; height: 23px;\"><span style=\"color: #ffcc99;\">12 M\u00e4rz<\/span><\/td>\n<td style=\"width: 28.3333%; height: 23px;\"><span style=\"color: #ffcc99;\">Soest <span style=\"color: #808080;\">(DE)<\/span><\/span><\/td>\n<td style=\"width: 40.5952%; height: 23px;\"><a href=\"https:\/\/schlachthof-soest.de\" target=\"_blank\" rel=\"noopener\"><span style=\"color: #ffcc99;\">Alter Schlachthof<\/span><\/a><\/td>\n<td style=\"width: 13.2143%; height: 23px;\"><a href=\"https:\/\/customer05.ticketing.cloud.sap\/online\/index.php3?shopid=6&amp;gotoperformance=13830\" target=\"_blank\" rel=\"noopener\">Tickets<\/a><\/td>\n<\/tr>\n<tr style=\"height: 23px;\">\n<td style=\"width: 17.8571%; height: 23px;\"><span style=\"color: #ffcc99;\">13 M\u00e4rz<\/span><\/td>\n<td style=\"width: 28.3333%; height: 23px;\"><span style=\"color: #ffcc99;\">Bielefeld <span style=\"color: #808080;\">(DE)<\/span><\/span><\/td>\n<td style=\"width: 40.5952%; height: 23px;\"><a href=\"https:\/\/bunker-ulmenwall.org\" target=\"_blank\" rel=\"noopener\"><span style=\"color: #ffcc99;\">Bunker Ulmenwall<\/span><\/a><\/td>\n<td style=\"width: 13.2143%; height: 23px;\"><span style=\"color: #ff0000;\">AUSVERKAUFT<\/span><\/td>\n<\/tr>\n<tr style=\"height: 23px;\">\n<td style=\"width: 17.8571%; height: 23px;\"><span style=\"color: #ffcc99;\">14 M\u00e4rz<\/span><\/td>\n<td style=\"width: 28.3333%; height: 23px;\"><span style=\"color: #ffcc99;\">G\u00f6ttingen <span style=\"color: #808080;\">(DE)<\/span><\/span><\/td>\n<td style=\"width: 40.5952%; height: 23px;\"><a href=\"https:\/\/noergelbuff.de\" target=\"_blank\" rel=\"noopener\"><span style=\"color: #ffcc99;\">N\u00f6rgelbuff<\/span><\/a><\/td>\n<td style=\"width: 13.2143%; height: 23px;\"><span style=\"color: #ff0000;\">AUSVERKAUFT<\/span><\/td>\n<\/tr>\n<tr style=\"height: 23px;\">\n<td style=\"width: 17.8571%; height: 23px;\"><span style=\"color: #ffcc99;\">01 April<\/span><\/td>\n<td style=\"width: 28.3333%; height: 23px;\"><span style=\"color: #ffcc99;\">Paris<span style=\"color: #808080;\"> (FR)<\/span><\/span><\/td>\n<td style=\"width: 40.5952%; height: 23px;\"><a href=\"https:\/\/supersonic-records.fr\/\" target=\"_blank\" rel=\"noopener\"><span style=\"color: #ffcc99;\">Supersonic Records<\/span><\/a><\/td>\n<td style=\"width: 13.2143%; height: 23px;\"><a href=\"https:\/\/link.dice.fm\/O1112d48f585\" target=\"_blank\" rel=\"noopener\">Tickets<\/a><\/td>\n<\/tr>\n<tr style=\"height: 23px;\">\n<td style=\"width: 17.8571%; height: 23px;\"><span style=\"color: #ffcc99;\">02 April<\/span><\/td>\n<td style=\"width: 28.3333%; height: 23px;\"><span style=\"color: #ffcc99;\">London<span style=\"color: #808080;\"> (UK)<\/span><\/span><\/td>\n<td style=\"width: 40.5952%; height: 23px;\"><a href=\"https:\/\/www.sebrightarms.com\/\" target=\"_blank\" rel=\"noopener\"><span style=\"color: #ffcc99;\">Sebright Arms<\/span><\/a><\/td>\n<td style=\"width: 13.2143%; height: 23px;\"><a href=\"https:\/\/www.axs.com\/uk\/events\/1317819\/nick-and-june-tickets\" target=\"_blank\" rel=\"noopener\">Tickets<\/a><\/td>\n<\/tr>\n<tr style=\"height: 23px;\">\n<td style=\"width: 17.8571%; height: 23px;\"><span style=\"color: #ffcc99;\">03 April<\/span><\/td>\n<td style=\"width: 28.3333%; height: 23px;\"><span style=\"color: #ffcc99;\">Brighton <span style=\"color: #808080;\">(UK)<\/span><\/span><\/td>\n<td style=\"width: 40.5952%; height: 23px;\"><a href=\"http:\/\/www.alphabetbrighton.com\/\" target=\"_blank\" rel=\"noopener\"><span style=\"color: #ffcc99;\">A L P H A B E T<\/span><\/a><\/td>\n<td style=\"width: 13.2143%; height: 23px;\"><a href=\"https:\/\/www.axs.com\/uk\/events\/1317820\/nick-and-june-tickets\" target=\"_blank\" rel=\"noopener\">Tickets<\/a><\/td>\n<\/tr>\n<tr style=\"height: 23px;\">\n<td style=\"width: 17.8571%; height: 23px;\"><span style=\"color: #ffcc99;\">04 April<\/span><\/td>\n<td style=\"width: 28.3333%; height: 23px;\"><span style=\"color: #ffcc99;\">Ramsgate <span style=\"color: #808080;\">(UK)<\/span><\/span><\/td>\n<td style=\"width: 40.5952%; height: 23px;\"><a href=\"http:\/\/www.ramsgatemusichall.com\/\" target=\"_blank\" rel=\"noopener\"><span style=\"color: #ffcc99;\">Ramsgate Music Hall<\/span><\/a><\/td>\n<td style=\"width: 13.2143%; height: 23px;\"><a href=\"https:\/\/www.ramsgatemusichall.com\/tc-events\/nick-june\/\" target=\"_blank\" rel=\"noopener\">Tickets<\/a><\/td>\n<\/tr>\n<tr style=\"height: 23px;\">\n<td style=\"width: 17.8571%; height: 23px;\"><span style=\"color: #ffcc99;\">05 April<\/span><\/td>\n<td style=\"width: 28.3333%; height: 23px;\"><span style=\"color: #ffcc99;\">Bristol<span style=\"color: #808080;\"> (UK)<\/span><\/span><\/td>\n<td style=\"width: 40.5952%; height: 23px;\"><a href=\"http:\/\/www.thelouisiana.net\/\" target=\"_blank\" rel=\"noopener\"><span style=\"color: #ffcc99;\">The Louisiana<\/span><\/a><\/td>\n<td style=\"width: 13.2143%; height: 23px;\"><a href=\"https:\/\/www.axs.com\/uk\/events\/1317821\/nick-and-june-tickets\" target=\"_blank\" rel=\"noopener\">Tickets<\/a><\/td>\n<\/tr>\n<tr style=\"height: 23px;\">\n<td style=\"width: 17.8571%; height: 23px;\"><span style=\"color: #ffcc99;\">06 April<\/span><\/td>\n<td style=\"width: 28.3333%; height: 23px;\"><span style=\"color: #ffcc99;\">Manchester <span style=\"color: #808080;\">(UK)<\/span><\/span><\/td>\n<td style=\"width: 40.5952%; height: 23px;\"><a href=\"http:\/\/gulliversnq.info\/\" target=\"_blank\" rel=\"noopener\"><span style=\"color: #ffcc99;\">Gullivers<\/span><\/a><\/td>\n<td style=\"width: 13.2143%; height: 23px;\"><a href=\"https:\/\/www.axs.com\/uk\/events\/1317822\/nick-and-june-tickets\" target=\"_blank\" rel=\"noopener\">Tickets<\/a><\/td>\n<\/tr>\n<tr style=\"height: 23px;\">\n<td style=\"width: 17.8571%; height: 23px;\"><span style=\"color: #ffcc99;\">07 April<\/span><\/td>\n<td style=\"width: 28.3333%; height: 23px;\"><span style=\"color: #ffcc99;\">Southampton<span style=\"color: #808080;\"> (UK)<\/span><\/span><\/td>\n<td style=\"width: 40.5952%; height: 23px;\"><a href=\"http:\/\/heartbreakers.uk\/\" target=\"_blank\" rel=\"noopener\"><span style=\"color: #ffcc99;\">Heartbreakers<\/span><\/a><\/td>\n<td style=\"width: 13.2143%; height: 23px;\"><a href=\"https:\/\/link.dice.fm\/oee795be3e10\" target=\"_blank\" rel=\"noopener\">Tickets<\/a><\/td>\n<\/tr>\n<tr style=\"height: 23px;\">\n<td style=\"width: 17.8571%; height: 23px;\"><span style=\"color: #ffcc99;\">12 Mai<\/span><\/td>\n<td style=\"width: 28.3333%; height: 23px;\"><span style=\"color: #ffcc99;\">M\u00fcnster <span style=\"color: #808080;\">(DE)<\/span><\/span><\/td>\n<td style=\"width: 40.5952%; height: 23px;\"><a href=\"https:\/\/www.pensionschmidt.se\" target=\"_blank\" rel=\"noopener\"><span style=\"color: #ffcc99;\">Pension Schmidt<\/span><\/a><\/td>\n<td style=\"width: 13.2143%; height: 23px;\"><a href=\"https:\/\/loveyourartist.com\/de\/profiles\/pension-schmidt-QMSLPP\/events\/nick-june-new-years-face-munster-NKY4E2\">Tickets<\/a><\/td>\n<\/tr>\n<tr style=\"height: 23px;\">\n<td style=\"width: 17.8571%; height: 23px;\"><span style=\"color: #ffcc99;\">13 Mai<\/span><\/td>\n<td style=\"width: 28.3333%; height: 23px;\"><span style=\"color: #ffcc99;\">Hamburg <span style=\"color: #808080;\">(DE)<\/span><\/span><\/td>\n<td style=\"width: 40.5952%; height: 23px;\"><a href=\"https:\/\/www.knusthamburg.de\" target=\"_blank\" rel=\"noopener\"><span style=\"color: #ffcc99;\">Knust<\/span><\/a><\/td>\n<td style=\"width: 13.2143%; height: 23px;\"><a href=\"https:\/\/www.tixforgigs.com\/Event\/67851\" target=\"_blank\" rel=\"noopener\">Tickets<\/a><\/td>\n<\/tr>\n<tr style=\"height: 23px;\">\n<td style=\"width: 17.8571%; height: 23px;\"><span style=\"color: #ffcc99;\">14 Mai<\/span><\/td>\n<td style=\"width: 28.3333%; height: 23px;\"><span style=\"color: #ffcc99;\">Vechta <span style=\"color: #808080;\">(DE)<\/span><\/span><\/td>\n<td style=\"width: 40.5952%; height: 23px;\"><a href=\"https:\/\/gulfhaus.de\" target=\"_blank\" rel=\"noopener\"><span style=\"color: #ffcc99;\">Gulfhaus<\/span><\/a><\/td>\n<td style=\"width: 13.2143%; height: 23px;\"><a href=\"https:\/\/www.eventim.de\/event\/nick-june-gulfhaus-jugend-und-kulturzentrum-20847160\/?srsltid=AfmBOoorJsQSyNbVYcC91lUHX1pPUF6QY_SAa3DPa8SYKmeXXua_5Kz5\" target=\"_blank\" rel=\"noopener\">Tickets<\/a><\/td>\n<\/tr>\n<tr style=\"height: 23px;\">\n<td style=\"width: 17.8571%; height: 23px;\"><span style=\"color: #ffcc99;\">15 Mai<\/span><\/td>\n<td style=\"width: 28.3333%; height: 23px;\"><span style=\"color: #ffcc99;\">K\u00f6ln <span style=\"color: #808080;\">(DE)<\/span><\/span><\/td>\n<td style=\"width: 40.5952%; height: 23px;\"><a href=\"https:\/\/kinggeorg.de\" target=\"_blank\" rel=\"noopener\"><span style=\"color: #ffcc99;\">King Georg<\/span><\/a><\/td>\n<td style=\"width: 13.2143%; height: 23px;\"><a href=\"https:\/\/t.rausgegangen.de\/tickets\/nick-june-4\" target=\"_blank\" rel=\"noopener\">Tickets<\/a><\/td>\n<\/tr>\n<tr style=\"height: 23px;\">\n<td style=\"width: 17.8571%; height: 23px;\"><span style=\"color: #ffcc99;\">16 Mai<\/span><\/td>\n<td style=\"width: 28.3333%; height: 23px;\"><span style=\"color: #ffcc99;\">Hannover <span style=\"color: #808080;\">(DE)<\/span><\/span><\/td>\n<td style=\"width: 40.5952%; height: 23px;\"><a href=\"https:\/\/pavillon-hannover.de\/event\/details\/98999\/nick-june\" target=\"_blank\" rel=\"noopener\"><span style=\"color: #ffcc99;\">Pavillion<\/span><\/a><\/td>\n<td style=\"width: 13.2143%; height: 23px;\"><a href=\"https:\/\/pavillon-hannover.reservix.de\/p\/reservix\/event\/2474071\" target=\"_blank\" rel=\"noopener\">Tickets<\/a><\/td>\n<\/tr>\n<\/tbody>\n<\/table>\n<p>&nbsp;<\/p>\n","protected":false},"excerpt":{"rendered":"<p>&nbsp; 21 Januar Dresden (DE) Ostpol AUSVERKAUFT 22 Januar Jena (DE) Caf\u00e9 Wagner Tickets 23 Januar Magdeburg (DE) Moritzhof AUSVERKAUFT 24 Januar Braunschweig (DE) KuFa Haus Tickets 25 Januar M\u00fcnchen (DE) Milla AUSVERKAUFT 26 Januar N\u00fcrnberg (DE) club stereo Tickets 28 Januar Erfurt (DE) Museumskeller AUSVERKAUFT 29 Januar Leipzig (DE) Neues Schauspiel Tickets 30 Januar [&hellip;]<\/p>\n","protected":false},"author":1,"featured_media":0,"parent":0,"menu_order":400,"comment_status":"closed","ping_status":"closed","template":"","meta":{"footnotes":""},"class_list":["post-44","page","type-page","status-publish","hentry"],"aioseo_notices":[],"_links":{"self":[{"href":"https:\/\/nickandjune.com\/de\/wp-json\/wp\/v2\/pages\/44","targetHints":{"allow":["GET"]}}],"collection":[{"href":"https:\/\/nickandjune.com\/de\/wp-json\/wp\/v2\/pages"}],"about":[{"href":"https:\/\/nickandjune.com\/de\/wp-json\/wp\/v2\/types\/page"}],"author":[{"embeddable":true,"href":"https:\/\/nickandjune.com\/de\/wp-json\/wp\/v2\/users\/1"}],"replies":[{"embeddable":true,"href":"https:\/\/nickandjune.com\/de\/wp-json\/wp\/v2\/comments?post=44"}],"version-history":[{"count":68,"href":"https:\/\/nickandjune.com\/de\/wp-json\/wp\/v2\/pages\/44\/revisions"}],"predecessor-version":[{"id":5224,"href":"https:\/\/nickandjune.com\/de\/wp-json\/wp\/v2\/pages\/44\/revisions\/5224"}],"wp:attachment":[{"href":"https:\/\/nickandjune.com\/de\/wp-json\/wp\/v2\/media?parent=44"}],"curies":[{"name":"wp","href":"https:\/\/api.w.org\/{rel}","templated":true}]}}