{"id":4081,"date":"2023-05-10T07:37:01","date_gmt":"2023-05-10T07:37:01","guid":{"rendered":"https:\/\/nickandjune.com\/?page_id=4081"},"modified":"2023-05-10T10:54:19","modified_gmt":"2023-05-10T10:54:19","slug":"musik","status":"publish","type":"page","link":"https:\/\/nickandjune.com\/de\/media\/musik\/","title":{"rendered":"Musik"},"content":{"rendered":"\n<p><iframe hcb-fetch-image-from=\"https:\/\/open.spotify.com\/artist\/1mx1QlS8xWbe1KfXrvHrYl?si=eLfRRjh6S_WLpJ8Qh_gdIQ\" title=\"Spotify Embed: Nick &amp; June\" style=\"border-radius: 12px\" width=\"100%\" height=\"352\" frameborder=\"0\" allowfullscreen allow=\"autoplay; clipboard-write; encrypted-media; fullscreen; picture-in-picture\" loading=\"lazy\" src=\"https:\/\/open.spotify.com\/embed\/artist\/1mx1QlS8xWbe1KfXrvHrYl?si=eLfRRjh6S_WLpJ8Qh_gdIQ&#038;utm_source=oembed\"><\/iframe><\/p>\n\n\n\n<h2>Beach Baby, Baby<\/h2>\n<p><a href=\"http:\/\/nickandjune.com\/wp-content\/uploads\/2023\/05\/Cover_BBB.jpg\" rel=\"wp-video-lightbox[nickjune]\"> <img loading=\"lazy\" decoding=\"async\" class=\"alignnone size-full wp-image-4074\" src=\"http:\/\/nickandjune.com\/wp-content\/uploads\/2023\/05\/Cover_BBB.jpg\" alt=\"\" width=\"150\" height=\"150\" \/><\/a><\/p>\n<p>Ver\u00f6ffentlichung: 12. Mai 2023<br \/>Ausf\u00fchrung: CD \/ Vinyl \/ Digital<br \/>Label: Monty People \/ AdP Records \/ Alive<\/p>\n<p>1. Bonjour Tristesse (Intro)<br \/>2. Anything But Time<br \/>3. Manic Pixie Dream Girl<br \/>4. Can&#8217;t Help Falling in Love<br \/>5. Lip Sync to Love Songs<br \/>6. Hugh Grant &amp; His Consequence<br \/>7. Starman<\/p>\n<h2>My November My<\/h2>\n<p><a href=\"http:\/\/nickandjune.com\/wp-content\/uploads\/2017\/02\/Nick-June-My-November-My-Artwork-1024x1024.jpg\" rel=\"wp-video-lightbox[nickjune]\"><img loading=\"lazy\" decoding=\"async\" src=\"http:\/\/nickandjune.com\/wp-content\/uploads\/2017\/02\/Nick-June-My-November-My-Artwork-1024x1024.jpg\" alt=\"OIAL\" width=\"150\" height=\"150\" \/><\/a><\/p>\n<p>Ver\u00f6ffentlichung: 31. M\u00e4rz 2017<br \/>Ausf\u00fchrung: CD \/ Vinyl \/ Digital<br \/>Label: AdP Records \/ Alive<\/p>\n<p>1. The Sutixe: Intro<br \/>2. The Prologue: November Boy<br \/>3. The Universe: Tiger<br \/>4. The Departure: Ships &amp; Flags<br \/>5. The Manifest: The Great Gatsby<br \/>6. The Farewell: Home Is Where The Heart Hurts Pt. 1<br \/>7. The Pilgrim: The Sea Told Me<br \/>8. The Town: London City, Boy, It&#8217;s Killing Me<br \/>9. The Exitus: Autumn Bird<br \/>10. The Monsters: Once In A Life<br \/>11. The Constitution: Homeland<br \/>12. The Epilogue: I &amp; Love &amp;<\/p>\n<h2>Once In A Life<\/h2>\n<p><a href=\"http:\/\/nickandjune.com\/wp-content\/uploads\/2013\/03\/Once_In_A_Life_Quadratisch.jpg\" rel=\"wp-video-lightbox[nickjune]\"><img loading=\"lazy\" decoding=\"async\" src=\"http:\/\/nickandjune.com\/wp-content\/uploads\/2013\/03\/Once_In_A_Life_Quadratisch.jpg\" alt=\"OIAL\" width=\"150\" height=\"150\" \/><\/a><\/p>\n<p>Ver\u00f6ffentlichung: 06. Januar 2017<br \/>Ausf\u00fchrung: CD \/ Vinyl \/ Digital<br \/>Label: AdP Records \/ Alive<\/p>\n<p>1. Once In A Life<br \/>2. When The Ships Set Sail<br \/>3. Slow It Down<br \/>4. Home Is Where The Heart Hurts Pt. 1<\/p>\n<h2>Flavor &amp; Sin<\/h2>\n<p><a href=\"http:\/\/nickandjune.com\/wp-content\/uploads\/2013\/03\/cover_29-geschnitten-und-rahmen.jpg\" rel=\"wp-video-lightbox[nickjune]\"><img loading=\"lazy\" decoding=\"async\" src=\"http:\/\/nickandjune.com\/wp-content\/uploads\/2013\/03\/cover_29-geschnitten-und-rahmen.jpg\" alt=\"Presse 03 - 2013\" width=\"150\" height=\"150\" \/><\/a><\/p>\n<p>Ver\u00f6ffentlichung: 20. September 2013<br \/>Ausf\u00fchrung: CD \/ Vinyl \/ Digital<br \/>Label: Bullet Records \/ Soulfood<\/p>\n<p>1. Hold On<br \/>2. Annie Hall<br \/>3. Rain In June<br \/>4. Coming Home<br \/>5. Little Things<br \/>6. Fall For Me<br \/>7. Caroline<br \/>8. Solve My Mystery<br \/>9. Homesick Blues<br \/>10. Here I Am<br \/>11. The Dancer<\/p>\n<h2>Homesick Blues<\/h2>\n<p><a href=\"http:\/\/nickandjune.com\/wp-content\/uploads\/2013\/03\/NJ_EP_Cover_front.jpg\" rel=\"wp-video-lightbox[nickjune]\"><img loading=\"lazy\" decoding=\"async\" src=\"http:\/\/nickandjune.com\/wp-content\/uploads\/2013\/03\/NJ_EP_Cover_front.jpg\" alt=\"Presse 03 - 2013\" width=\"150\" height=\"150\" \/><\/a><\/p>\n<p>Ver\u00f6ffentlichung: 19. Oktober 2012<br \/>Ausf\u00fchrung: CD \/ Digital<br \/>Label: Bullet Records \/ Soulfood<\/p>\n<p>1. Hold On<br \/>2. Homesick Blues<br \/>3. Fall For Me<br \/>4. Annie Hall<br \/>5. Coming Home<\/p>\n","protected":false},"excerpt":{"rendered":"<p>Beach Baby, Baby Ver\u00f6ffentlichung: 12. Mai 2023Ausf\u00fchrung: CD \/ Vinyl \/ DigitalLabel: Monty People \/ AdP Records \/ Alive 1. Bonjour Tristesse (Intro)2. Anything But Time3. Manic Pixie Dream Girl4. Can&#8217;t Help Falling in Love5. Lip Sync to Love Songs6. Hugh Grant &amp; His Consequence7. Starman My November My Ver\u00f6ffentlichung: 31. M\u00e4rz 2017Ausf\u00fchrung: CD \/ [&hellip;]<\/p>\n","protected":false},"author":1,"featured_media":0,"parent":48,"menu_order":0,"comment_status":"closed","ping_status":"closed","template":"","meta":{"footnotes":""},"class_list":["post-4081","page","type-page","status-publish","hentry"],"aioseo_notices":[],"_links":{"self":[{"href":"https:\/\/nickandjune.com\/de\/wp-json\/wp\/v2\/pages\/4081","targetHints":{"allow":["GET"]}}],"collection":[{"href":"https:\/\/nickandjune.com\/de\/wp-json\/wp\/v2\/pages"}],"about":[{"href":"https:\/\/nickandjune.com\/de\/wp-json\/wp\/v2\/types\/page"}],"author":[{"embeddable":true,"href":"https:\/\/nickandjune.com\/de\/wp-json\/wp\/v2\/users\/1"}],"replies":[{"embeddable":true,"href":"https:\/\/nickandjune.com\/de\/wp-json\/wp\/v2\/comments?post=4081"}],"version-history":[{"count":5,"href":"https:\/\/nickandjune.com\/de\/wp-json\/wp\/v2\/pages\/4081\/revisions"}],"predecessor-version":[{"id":4141,"href":"https:\/\/nickandjune.com\/de\/wp-json\/wp\/v2\/pages\/4081\/revisions\/4141"}],"up":[{"embeddable":true,"href":"https:\/\/nickandjune.com\/de\/wp-json\/wp\/v2\/pages\/48"}],"wp:attachment":[{"href":"https:\/\/nickandjune.com\/de\/wp-json\/wp\/v2\/media?parent=4081"}],"curies":[{"name":"wp","href":"https:\/\/api.w.org\/{rel}","templated":true}]}}