{"id":1618,"date":"2016-12-19T14:18:43","date_gmt":"2016-12-19T14:18:43","guid":{"rendered":"http:\/\/nickandjune.com\/?page_id=1618"},"modified":"2025-09-18T12:40:23","modified_gmt":"2025-09-18T12:40:23","slug":"info","status":"publish","type":"page","link":"https:\/\/nickandjune.com\/de\/band\/info\/","title":{"rendered":"Info"},"content":{"rendered":"<p>Nick &amp; June gleiten durch einen schimmernden Dunst aus hallgetr\u00e4nkten Gitarren, vibrierenden Synthesizern und sanft pulsierenden Beats und Drums. Ihre Stimmen verschmelzen zu einer hypnotischen Melange und f\u00fchren die H\u00f6rer*innen durch ein zartes Gleichgewicht aus euphorisch inszenierter Zur\u00fcckhaltung und versponnener Gedankenver\u00e4stelung. Ihr Sound ist eine eklektische Fusion aus melancholischem Indie-Folk, der an Bon Iver, Velvet Underground und Big Thief erinnert, kombiniert mit dem Dream Pop von Beach House und Lana Del Rey und den Alternative-Rock-Kl\u00e4ngen \u00e0 la The National, St. Vincent und Mazzy Star.<\/p>\n<p>In den USA arbeiteten sie mit dem Grammy-pr\u00e4mierten Produzenten Peter Katis (The National, Interpol, Sharon Van Etten) zusammen und verfeinerten ihren einzigartigen Sound &#8211; eine Mischung aus cineastischer Weite und intimen Lo-Fi-Texturen. Entstanden ist ein Album, das zwischen offenen Horizonten wandert und zugleich eine fragile, warme N\u00e4he bewahrt. Die Songs entfalten sich wie Polaroids aus inneren Landschaften &#8211; als Meditation \u00fcber Resilienz, Transformation und die bitters\u00fc\u00dfe Sch\u00f6nheit von Abschied und Aufbruch. F\u00fcr Nick &amp; June ist es beides zugleich: ein pers\u00f6nliches Opus Magnum &#8211; und der Beginn einer neuen \u00c4ra.<\/p>\n<p>Auf \u201eNew Year\u2019s Face\u201c sind zahlreiche Wegbegleiter*innen, Freund*innen und Idole aus dem internationalen Indie-Kosmos zu h\u00f6ren: darunter The Antlers, Russian Red, Owen Pallett (Arcade Fire), Thomas Bartlett (Sufjan Stevens, St. Vincent) oder Kyle Resnick und Ben Lanz von The National.<\/p>\n<p>Nach dem weltweiten Erfolg ihrer EP \u201eBeach Baby, Baby\u201c aus dem Jahr 2023, 30 Millionen Streams, gefeiert in Presse und Radio und ausverkauften Konzerten, hat sich das Duo als feste Gr\u00f6\u00dfe in der Indie-Landschaft etabliert. Mit ihrem neuen Album \u201eNew Year&#8217;s Face\u201c im Gep\u00e4ck gehen Nick &amp; June 2026 auf gro\u00dfe Reise &#8211; durch Konzerthallen, Clubs und die leuchtenden N\u00e4chte der St\u00e4dte. Eine Tour wie ein Aufbruch: melancholisch, tr\u00e4umerisch, voller Glanz und Geschichten.<\/p>\n","protected":false},"excerpt":{"rendered":"<p>Nick &amp; June gleiten durch einen schimmernden Dunst aus hallgetr\u00e4nkten Gitarren, vibrierenden Synthesizern und sanft pulsierenden Beats und Drums. Ihre Stimmen verschmelzen zu einer hypnotischen Melange und f\u00fchren die H\u00f6rer*innen durch ein zartes Gleichgewicht aus euphorisch inszenierter Zur\u00fcckhaltung und versponnener Gedankenver\u00e4stelung. Ihr Sound ist eine eklektische Fusion aus melancholischem Indie-Folk, der an Bon Iver, Velvet [&hellip;]<\/p>\n","protected":false},"author":1,"featured_media":0,"parent":42,"menu_order":510,"comment_status":"closed","ping_status":"closed","template":"","meta":{"footnotes":""},"class_list":["post-1618","page","type-page","status-publish","hentry"],"aioseo_notices":[],"_links":{"self":[{"href":"https:\/\/nickandjune.com\/de\/wp-json\/wp\/v2\/pages\/1618","targetHints":{"allow":["GET"]}}],"collection":[{"href":"https:\/\/nickandjune.com\/de\/wp-json\/wp\/v2\/pages"}],"about":[{"href":"https:\/\/nickandjune.com\/de\/wp-json\/wp\/v2\/types\/page"}],"author":[{"embeddable":true,"href":"https:\/\/nickandjune.com\/de\/wp-json\/wp\/v2\/users\/1"}],"replies":[{"embeddable":true,"href":"https:\/\/nickandjune.com\/de\/wp-json\/wp\/v2\/comments?post=1618"}],"version-history":[{"count":19,"href":"https:\/\/nickandjune.com\/de\/wp-json\/wp\/v2\/pages\/1618\/revisions"}],"predecessor-version":[{"id":4984,"href":"https:\/\/nickandjune.com\/de\/wp-json\/wp\/v2\/pages\/1618\/revisions\/4984"}],"up":[{"embeddable":true,"href":"https:\/\/nickandjune.com\/de\/wp-json\/wp\/v2\/pages\/42"}],"wp:attachment":[{"href":"https:\/\/nickandjune.com\/de\/wp-json\/wp\/v2\/media?parent=1618"}],"curies":[{"name":"wp","href":"https:\/\/api.w.org\/{rel}","templated":true}]}}